{"id":752,"date":"2024-01-24T10:20:45","date_gmt":"2024-01-24T09:20:45","guid":{"rendered":"https:\/\/bauche-partner.de\/?page_id=752"},"modified":"2024-02-02T10:28:31","modified_gmt":"2024-02-02T09:28:31","slug":"dott-kai-bauche","status":"publish","type":"page","link":"https:\/\/artlandconsulting.de\/it\/dott-kai-bauche\/","title":{"rendered":"Dott. Kai Bauche"},"content":{"rendered":"<p>[et_pb_section fb_built=&#8221;1&#8243; custom_padding_last_edited=&#8221;on|tablet&#8221; _builder_version=&#8221;4.23.1&#8243; _module_preset=&#8221;default&#8221; background_color=&#8221;gcid-7548ccd0-3a86-4c27-a211-9ba11bfdbe0a&#8221; custom_padding=&#8221;100px||200px|||&#8221; custom_padding_tablet=&#8221;10px||15px|0px|false|false&#8221; custom_padding_phone=&#8221;5px||||false|false&#8221; global_colors_info=&#8221;{%22gcid-7548ccd0-3a86-4c27-a211-9ba11bfdbe0a%22:%91%22background_color%22%93}&#8221;][et_pb_row column_structure=&#8221;1_2,1_2&#8243; _builder_version=&#8221;4.23.4&#8243; _module_preset=&#8221;default&#8221; width_tablet=&#8221;80%&#8221; width_phone=&#8221;80%&#8221; width_last_edited=&#8221;on|tablet&#8221; max_width=&#8221;1600px&#8221; custom_css_main_element=&#8221;display: flex;||flex-wrap: wrap;&#8221; global_colors_info=&#8221;{}&#8221;][et_pb_column type=&#8221;1_2&#8243; _builder_version=&#8221;4.23.1&#8243; _module_preset=&#8221;default&#8221; custom_css_main_element=&#8221;order:&#8221; global_colors_info=&#8221;{}&#8221; custom_css_main_element_last_edited=&#8221;on|tablet&#8221; custom_css_main_element_tablet=&#8221;order: 2;&#8221; custom_css_main_element_phone=&#8221;order: 2;&#8221;][et_pb_image src=&#8221;https:\/\/artlandconsulting.de\/wp-content\/uploads\/2024\/01\/M8A7808_quadratisch-Kopie.png&#8221; title_text=&#8221;Dott. Kai Bauche&#8221; align=&#8221;center&#8221; force_fullwidth=&#8221;on&#8221; _builder_version=&#8221;4.23.4&#8243; _module_preset=&#8221;default&#8221; global_colors_info=&#8221;{}&#8221; custom_css_main_element_last_edited=&#8221;on|tablet&#8221; custom_css_main_element_tablet=&#8221;order: 2;&#8221; custom_css_main_element_phone=&#8221;order: 2;&#8221;][\/et_pb_image][\/et_pb_column][et_pb_column type=&#8221;1_2&#8243; _builder_version=&#8221;4.23.1&#8243; _module_preset=&#8221;default&#8221; global_colors_info=&#8221;{}&#8221;][et_pb_text content_tablet=&#8221;<\/p>\n<h3>Dott. Kai Bauche<\/h3>\n<h4>Laureato in economia e imprenditore<\/h4>\n<\/p>\n<p>Ha studiato presso la Westf\u00e4lische Wilhelms-Universit\u00e4t di M\u00fcnster. Specializzato in marketing e statistica. Dopo la laurea in economia aziendale, ha conseguito il dottorato di ricerca a M\u00fcnster presso l&apos;Istituto di Marketing del Prof. Meffert. <\/p>\n<p>Successivamente, 13 anni di esperienza manageriale nazionale e internazionale in note aziende industriali e di servizi nei settori del marketing, delle vendite, della pianificazione, del finanziamento e della gestione generale.<\/p>\n<p>2002 Fondazione della Dr Bauche Unternehmensberatung GmbH. Da allora, oltre 20 anni di impegno e successo nel campo della gestione aziendale orientata al mercato e della gestione strategica del marchio in un&apos;ampia gamma di settori in Germania e all&apos;estero.<\/p>\n<p>&#8221; content_phone=&#8221;<\/p>\n<h3>Dott. Kai Bauche<\/h3>\n<h4>Laureato in economia e imprenditore<\/h4>\n<\/p>\n<p>Ha studiato presso la Westf\u00e4lische Wilhelms-Universit\u00e4t di M\u00fcnster. Specializzato in marketing e statistica. Dopo la laurea in economia aziendale, ha conseguito il dottorato di ricerca a M\u00fcnster presso l&apos;Istituto di Marketing del Prof. Meffert. <\/p>\n<p>Successivamente, 13 anni di esperienza manageriale nazionale e internazionale in note aziende industriali e di servizi nei settori del marketing, delle vendite, della pianificazione, del finanziamento e della gestione generale.<\/p>\n<p>2002 Fondazione della Dr Bauche Unternehmensberatung GmbH. Da allora, oltre 20 anni di impegno e successo nel campo della gestione aziendale orientata al mercato e della gestione strategica del marchio in un&apos;ampia gamma di settori in Germania e all&apos;estero.<\/p>\n<p>&#8221; content_last_edited=&#8221;on|tablet&#8221; _builder_version=&#8221;4.23.4&#8243; _module_preset=&#8221;default&#8221; text_font=&#8221;Noto Sans|300|||||||&#8221; text_text_color=&#8221;#000000&#8243; text_font_size=&#8221;20px&#8221; text_line_height=&#8221;31px&#8221; header_3_font=&#8221;Noto Serif|700|||||||&#8221; header_3_text_color=&#8221;gcid-e3ec2e40-b200-47eb-adc5-ef7fc1cf6f81&#8243; header_3_font_size=&#8221;30px&#8221; header_4_font=&#8221;Noto Serif||||||||&#8221; header_4_text_color=&#8221;gcid-e3ec2e40-b200-47eb-adc5-ef7fc1cf6f81&#8243; header_4_font_size=&#8221;25px&#8221; header_4_line_height=&#8221;1.2em&#8221; custom_margin_tablet=&#8221;||45px||false|false&#8221; custom_margin_phone=&#8221;||45px||false|false&#8221; custom_margin_last_edited=&#8221;on|tablet&#8221; hover_enabled=&#8221;0&#8243; text_font_size_tablet=&#8221;18px&#8221; text_font_size_phone=&#8221;16px&#8221; text_font_size_last_edited=&#8221;on|phone&#8221; text_line_height_tablet=&#8221;27px&#8221; text_line_height_phone=&#8221;27px&#8221; text_line_height_last_edited=&#8221;on|desktop&#8221; custom_css_main_element=&#8221;order: 1;&#8221; global_colors_info=&#8221;{%22gcid-e3ec2e40-b200-47eb-adc5-ef7fc1cf6f81%22:%91%22header_3_text_color%22,%22header_4_text_color%22%93}&#8221; custom_css_main_element_last_edited=&#8221;on|tablet&#8221; custom_css_main_element_tablet=&#8221;order: 1;&#8221; custom_css_main_element_phone=&#8221;order: 1;&#8221; sticky_enabled=&#8221;0&#8243;]<\/p>\n<h3>Dott. Kai Bauche<\/h3>\n<h4>Laureato in economia e imprenditore<\/h4>\n<p>&nbsp;<\/p>\n<p>Ha studiato presso la Westf\u00e4lische Wilhelms-Universit\u00e4t di M\u00fcnster. Specializzato in marketing e statistica. Dopo la laurea in economia aziendale, ha conseguito il dottorato di ricerca a M\u00fcnster presso l&#8217;Istituto di Marketing del Prof. Meffert.  Successivamente, 13 anni di esperienza manageriale nazionale e internazionale in note aziende industriali e di servizi nei settori del marketing, delle vendite, della pianificazione, del finanziamento e della gestione generale.<\/p>\n<p>2002 Fondazione della Dr Bauche Unternehmensberatung GmbH. Da allora, oltre 20 anni di impegno e successo nel campo della gestione aziendale orientata al mercato e della gestione strategica del marchio in un&#8217;ampia gamma di settori in Germania e all&#8217;estero.<\/p>\n<p>[\/et_pb_text][\/et_pb_column][\/et_pb_row][\/et_pb_section]<\/p>\n","protected":false},"excerpt":{"rendered":"<p>Dott. Kai Bauche Laureato in economia e imprenditore &nbsp; Ha studiato presso la Westf\u00e4lische Wilhelms-Universit\u00e4t di M\u00fcnster. Specializzato in marketing e statistica. Dopo la laurea in economia aziendale, ha conseguito il dottorato di ricerca a M\u00fcnster presso l&#8217;Istituto di Marketing del Prof. Meffert. Successivamente, 13 anni di esperienza manageriale nazionale e internazionale in note aziende [&hellip;]<\/p>\n","protected":false},"author":1,"featured_media":0,"parent":0,"menu_order":0,"comment_status":"closed","ping_status":"closed","template":"","meta":{"_et_pb_use_builder":"on","_et_pb_old_content":"","_et_gb_content_width":"","footnotes":""},"class_list":["post-752","page","type-page","status-publish","hentry"],"_links":{"self":[{"href":"https:\/\/artlandconsulting.de\/it\/wp-json\/wp\/v2\/pages\/752","targetHints":{"allow":["GET"]}}],"collection":[{"href":"https:\/\/artlandconsulting.de\/it\/wp-json\/wp\/v2\/pages"}],"about":[{"href":"https:\/\/artlandconsulting.de\/it\/wp-json\/wp\/v2\/types\/page"}],"author":[{"embeddable":true,"href":"https:\/\/artlandconsulting.de\/it\/wp-json\/wp\/v2\/users\/1"}],"replies":[{"embeddable":true,"href":"https:\/\/artlandconsulting.de\/it\/wp-json\/wp\/v2\/comments?post=752"}],"version-history":[{"count":10,"href":"https:\/\/artlandconsulting.de\/it\/wp-json\/wp\/v2\/pages\/752\/revisions"}],"predecessor-version":[{"id":1178,"href":"https:\/\/artlandconsulting.de\/it\/wp-json\/wp\/v2\/pages\/752\/revisions\/1178"}],"wp:attachment":[{"href":"https:\/\/artlandconsulting.de\/it\/wp-json\/wp\/v2\/media?parent=752"}],"curies":[{"name":"wp","href":"https:\/\/api.w.org\/{rel}","templated":true}]}}