{"id":783,"date":"2024-01-24T10:46:59","date_gmt":"2024-01-24T09:46:59","guid":{"rendered":"https:\/\/bauche-partner.de\/?page_id=783"},"modified":"2024-01-24T10:46:59","modified_gmt":"2024-01-24T09:46:59","slug":"cosa-facciamo","status":"publish","type":"page","link":"https:\/\/artlandconsulting.de\/it\/cosa-facciamo\/","title":{"rendered":"Cosa facciamo"},"content":{"rendered":"<p>[et_pb_section fb_built=&#8221;1&#8243; fullwidth=&#8221;on&#8221; _builder_version=&#8221;4.23.4&#8243; _module_preset=&#8221;default&#8221; background_image=&#8221;https:\/\/artlandconsulting.de\/wp-content\/uploads\/2024\/01\/iStock-946908212_erweitert-Kopie.png&#8221; width=&#8221;100%&#8221; width_tablet=&#8221;100%&#8221; width_phone=&#8221;100%&#8221; width_last_edited=&#8221;on|desktop&#8221; max_width=&#8221;100%&#8221; min_height_tablet=&#8221;1000px&#8221; min_height_phone=&#8221;1000px&#8221; min_height_last_edited=&#8221;on|phone&#8221; height=&#8221;600px&#8221; height_tablet=&#8221;490px&#8221; height_phone=&#8221;245px&#8221; height_last_edited=&#8221;on|phone&#8221; max_height=&#8221;720px&#8221; max_height_tablet=&#8221;881px&#8221; max_height_phone=&#8221;881px&#8221; max_height_last_edited=&#8221;on|desktop&#8221; hover_enabled=&#8221;0&#8243; background_last_edited=&#8221;on|desktop&#8221; global_colors_info=&#8221;{}&#8221; title_text=&#8221;iStock-946908212_erweitert Kopie&#8221; sticky_enabled=&#8221;0&#8243; background_position=&#8221;top_center&#8221; background_vertical_offset=&#8221;52%&#8221;][\/et_pb_section][et_pb_section fb_built=&#8221;1&#8243; admin_label=&#8221;About&#8221; _builder_version=&#8221;4.23.4&#8243; _module_preset=&#8221;default&#8221; overflow-x=&#8221;scroll&#8221; custom_margin=&#8221;||0px||false|false&#8221; custom_padding=&#8221;2px||15px|||&#8221; top_divider_color=&#8221;#EDF000&#8243; top_divider_height=&#8221;200px&#8221; bottom_divider_color=&#8221;#EDF000&#8243; collapsed=&#8221;on&#8221; global_colors_info=&#8221;{}&#8221;][et_pb_row column_structure=&#8221;1_2,1_2&#8243; custom_padding_last_edited=&#8221;on|tablet&#8221; _builder_version=&#8221;4.23.4&#8243; _module_preset=&#8221;default&#8221; width_tablet=&#8221;100%&#8221; width_phone=&#8221;100%&#8221; width_last_edited=&#8221;on|tablet&#8221; max_width=&#8221;1600px&#8221; custom_padding=&#8221;102px|||||&#8221; custom_padding_tablet=&#8221;40px||40px||false|false&#8221; custom_padding_phone=&#8221;40px||40px||false|false&#8221; global_colors_info=&#8221;{}&#8221;][et_pb_column type=&#8221;1_2&#8243; _builder_version=&#8221;4.23.4&#8243; _module_preset=&#8221;default&#8221; global_colors_info=&#8221;{}&#8221;][et_pb_text _builder_version=&#8221;4.23.4&#8243; _module_preset=&#8221;f2e6ce24-0045-49ea-ae91-c1717765fa32&#8243; text_font=&#8221;Noto Sans|300|||||||&#8221; header_2_font=&#8221;|700|||||||&#8221; header_3_font=&#8221;Noto Serif|600|||||||&#8221; header_3_text_color=&#8221;gcid-e3ec2e40-b200-47eb-adc5-ef7fc1cf6f81&#8243; header_3_font_size=&#8221;38px&#8221; header_3_line_height=&#8221;1.4em&#8221; width_tablet=&#8221;75%&#8221; width_phone=&#8221;75%&#8221; width_last_edited=&#8221;on|tablet&#8221; module_alignment=&#8221;center&#8221; custom_margin=&#8221;|2px|||false|false&#8221; custom_margin_tablet=&#8221;|2px|||false|false&#8221; custom_margin_phone=&#8221;|0px|||false|false&#8221; custom_margin_last_edited=&#8221;on|desktop&#8221; custom_padding=&#8221;4px|||0px|false|false&#8221; custom_padding_tablet=&#8221;60px||||false|false&#8221; custom_padding_phone=&#8221;10px||||false|false&#8221; custom_padding_last_edited=&#8221;on|tablet&#8221; header_3_font_size_tablet=&#8221;36px&#8221; header_3_font_size_phone=&#8221;25px&#8221; header_3_font_size_last_edited=&#8221;on|phone&#8221; global_colors_info=&#8221;{%22gcid-e3ec2e40-b200-47eb-adc5-ef7fc1cf6f81%22:%91%22header_3_text_color%22%93}&#8221;]<\/p>\n<h3>&#8220;Tutti conoscono le dimensioni del campo: la chiave \u00e8 sapere come si deve giocare per vincere.&#8221;<\/h3>\n<p>[\/et_pb_text][\/et_pb_column][et_pb_column type=&#8221;1_2&#8243; _builder_version=&#8221;4.23.4&#8243; _module_preset=&#8221;default&#8221; global_colors_info=&#8221;{}&#8221;][et_pb_text _builder_version=&#8221;4.23.4&#8243; _module_preset=&#8221;628542fc-91a4-4835-9058-e738f8f77ec2&#8243; text_font=&#8221;Noto Sans|300|||||||&#8221; text_text_color=&#8221;#000000&#8243; text_font_size=&#8221;18px&#8221; text_line_height=&#8221;30px&#8221; width_tablet=&#8221;75%&#8221; width_phone=&#8221;75%&#8221; width_last_edited=&#8221;on|tablet&#8221; custom_margin=&#8221;|25px|||false|false&#8221; custom_margin_tablet=&#8221;|25px|||false|false&#8221; custom_margin_phone=&#8221;|25px|||false|false&#8221; custom_margin_last_edited=&#8221;on|desktop&#8221; custom_padding=&#8221;|0px|40px|0px|false|true&#8221; text_font_size_tablet=&#8221;17px&#8221; text_font_size_phone=&#8221;15px&#8221; module_alignment_tablet=&#8221;center&#8221; module_alignment_phone=&#8221;center&#8221; module_alignment_last_edited=&#8221;on|tablet&#8221; global_colors_info=&#8221;{}&#8221;]<\/p>\n<p>Siamo convinti che le aziende abbiano successo quando si orientano coerentemente alle esigenze e ai requisiti dei loro mercati e allineano di conseguenza le loro azioni fondamentali.<\/p>\n<p>I dati descrittivi del mercato, come le dimensioni e la quota di mercato, di solito danno poche indicazioni su come e perch\u00e9 si raggiunge il successo nei mercati.<\/p>\n<p>Il fattore decisivo \u00e8 l\u2018informazione e il comportamento d&#8217;acquisto dei clienti. Ecco perch\u00e9 nei nostri progetti ci occupiamo sempre delle esigenze e della soddisfazione dei clienti, dei fattori di successo, dei brand e degli aspetti comportamentali che portano alle scelte.<\/p>\n<p>[\/et_pb_text][\/et_pb_column][\/et_pb_row][\/et_pb_section][et_pb_section fb_built=&#8221;1&#8243; custom_padding_last_edited=&#8221;on|tablet&#8221; admin_label=&#8221;Services&#8221; _builder_version=&#8221;4.23.4&#8243; _module_preset=&#8221;default&#8221; background_color=&#8221;gcid-aa8ab6bb-6aae-4545-8323-e9f7c570e8d7&#8243; use_background_color_gradient=&#8221;on&#8221; background_color_gradient_stops=&#8221;rgba(17,126,198,0.14) 21%|rgba(255,255,255,0.8) 100%&#8221; custom_margin=&#8221;-17px||||false|false&#8221; custom_margin_tablet=&#8221;-17px||||false|false&#8221; custom_margin_phone=&#8221;-17px||||false|false&#8221; custom_margin_last_edited=&#8221;on|tablet&#8221; custom_padding=&#8221;1px||80px||false|false&#8221; custom_padding_tablet=&#8221;1px||80px||false|false&#8221; custom_padding_phone=&#8221;1px||80px||false|false&#8221; locked=&#8221;off&#8221; collapsed=&#8221;on&#8221; global_colors_info=&#8221;{%22gcid-aa8ab6bb-6aae-4545-8323-e9f7c570e8d7%22:%91%22background_color%22,%22background_color%22%93,%22gcid-e3ec2e40-b200-47eb-adc5-ef7fc1cf6f81%22:%91%22background_color_gradient_stops%22%93,%22gcid-7548ccd0-3a86-4c27-a211-9ba11bfdbe0a%22:%91%22background_color_gradient_stops%22%93}&#8221;][et_pb_row _builder_version=&#8221;4.23.1&#8243; _module_preset=&#8221;default&#8221; width=&#8221;100%&#8221; width_tablet=&#8221;100%&#8221; width_phone=&#8221;100%&#8221; width_last_edited=&#8221;on|desktop&#8221; max_width=&#8221;1600px&#8221; global_colors_info=&#8221;{}&#8221;][et_pb_column type=&#8221;4_4&#8243; _builder_version=&#8221;4.23.1&#8243; _module_preset=&#8221;default&#8221; global_colors_info=&#8221;{}&#8221;][et_pb_text _builder_version=&#8221;4.23.4&#8243; _module_preset=&#8221;default&#8221; header_text_align=&#8221;center&#8221; header_2_font=&#8221;Noto Serif|600|||||||&#8221; header_2_text_align=&#8221;center&#8221; header_2_text_color=&#8221;gcid-e3ec2e40-b200-47eb-adc5-ef7fc1cf6f81&#8243; header_2_font_size=&#8221;60px&#8221; custom_margin_tablet=&#8221;||25px||false|false&#8221; custom_margin_phone=&#8221;||25px||false|false&#8221; custom_margin_last_edited=&#8221;on|tablet&#8221; custom_padding=&#8221;100px||||false|false&#8221; custom_padding_tablet=&#8221;70px||||false|false&#8221; custom_padding_phone=&#8221;70px||||false|false&#8221; custom_padding_last_edited=&#8221;on|tablet&#8221; header_2_text_align_tablet=&#8221;center&#8221; header_2_text_align_phone=&#8221;center&#8221; header_2_text_align_last_edited=&#8221;on|phone&#8221; header_2_font_size_tablet=&#8221;65px&#8221; header_2_font_size_phone=&#8221;38px&#8221; header_2_font_size_last_edited=&#8221;on|desktop&#8221; global_colors_info=&#8221;{%22gcid-e3ec2e40-b200-47eb-adc5-ef7fc1cf6f81%22:%91%22header_2_text_color%22%93}&#8221;]<\/p>\n<h2>Cosa facciamo.<\/h2>\n<p>[\/et_pb_text][\/et_pb_column][\/et_pb_row][et_pb_row column_structure=&#8221;1_2,1_2&#8243; _builder_version=&#8221;4.23.4&#8243; _module_preset=&#8221;default&#8221; width=&#8221;70%&#8221; width_tablet=&#8221;100%&#8221; width_phone=&#8221;80%&#8221; width_last_edited=&#8221;on|tablet&#8221; max_width=&#8221;1600px&#8221; module_alignment=&#8221;center&#8221; custom_margin=&#8221;0px|auto||auto|false|false&#8221; custom_margin_tablet=&#8221;0px|auto||auto|false|false&#8221; custom_margin_phone=&#8221;0px|auto||auto|false|false&#8221; custom_margin_last_edited=&#8221;on|desktop&#8221; module_alignment_tablet=&#8221;center&#8221; module_alignment_phone=&#8221;center&#8221; module_alignment_last_edited=&#8221;on|phone&#8221; global_colors_info=&#8221;{}&#8221;][et_pb_column type=&#8221;1_2&#8243; _builder_version=&#8221;4.21.0&#8243; _module_preset=&#8221;default&#8221; global_colors_info=&#8221;{}&#8221;][et_pb_blurb title=&#8221;Modelli di business e business plan&#8221; image_icon_background_color=&#8221;RGBA(255,255,255,0)&#8221; image=&#8221;https:\/\/artlandconsulting.de\/wp-content\/uploads\/2024\/01\/Icons_Was_wir_machen-01.png&#8221; icon_placement=&#8221;top&#8221; image_icon_width=&#8221;200px&#8221; content_max_width=&#8221;75%&#8221; icon_placement_tablet=&#8221;left&#8221; icon_placement_phone=&#8221;top&#8221; icon_placement_last_edited=&#8221;on|phone&#8221; image_icon_width_tablet=&#8221;200px&#8221; image_icon_width_phone=&#8221;200px&#8221; image_icon_width_last_edited=&#8221;on|desktop&#8221; content_max_width_tablet=&#8221;75%&#8221; content_max_width_phone=&#8221;100%&#8221; content_max_width_last_edited=&#8221;on|tablet&#8221; _builder_version=&#8221;4.23.4&#8243; _module_preset=&#8221;1c502ff4-d568-4aa4-86b3-b44c7372c794&#8243; header_font=&#8221;Noto Serif|700|||||||&#8221; header_text_align=&#8221;left&#8221; header_text_color=&#8221;gcid-e3ec2e40-b200-47eb-adc5-ef7fc1cf6f81&#8243; header_font_size=&#8221;28px&#8221; body_font=&#8221;Noto Sans|300|||||||&#8221; body_text_align=&#8221;left&#8221; body_text_color=&#8221;#000000&#8243; body_font_size=&#8221;19px&#8221; body_line_height=&#8221;30px&#8221; background_color=&#8221;RGBA(255,255,255,0)&#8221; custom_margin=&#8221;81px||81px||true|false&#8221; custom_margin_tablet=&#8221;0px||0px||false|false&#8221; custom_margin_phone=&#8221;0px||40px||false|false&#8221; custom_margin_last_edited=&#8221;on|phone&#8221; custom_padding=&#8221;0px|0px|0px|0px|false|true&#8221; custom_padding_tablet=&#8221;||40px||false|true&#8221; custom_padding_phone=&#8221;||40px||false|true&#8221; custom_padding_last_edited=&#8221;on|tablet&#8221; header_text_align_tablet=&#8221;left&#8221; header_text_align_phone=&#8221;center&#8221; header_text_align_last_edited=&#8221;on|phone&#8221; header_font_size_tablet=&#8221;24px&#8221; header_font_size_phone=&#8221;22px&#8221; header_font_size_last_edited=&#8221;on|desktop&#8221; body_font_last_edited=&#8221;off|desktop&#8221; body_text_align_tablet=&#8221;left&#8221; body_text_align_phone=&#8221;left&#8221; body_text_align_last_edited=&#8221;on|phone&#8221; body_font_size_tablet=&#8221;17px&#8221; body_font_size_phone=&#8221;16px&#8221; module_alignment_tablet=&#8221;&#8221; module_alignment_phone=&#8221;center&#8221; module_alignment_last_edited=&#8221;on|phone&#8221; locked=&#8221;off&#8221; global_colors_info=&#8221;{%22gcid-e3ec2e40-b200-47eb-adc5-ef7fc1cf6f81%22:%91%22header_text_color%22%93}&#8221;]<\/p>\n<p>Ingresso nel mercato statunitense? Sviluppo di una nuova divisione di prodotti? Ingresso in nuovi canali di vendita? Acquisizione di un marchio concorrente? Tali decisioni per un nuovo impegno fondamentale sono quasi sempre associate a investimenti elevati per le aziende. Sviluppiamo per voi una base decisionale adeguata, che tenga conto delle prospettive e dei requisiti del mercato.<\/p>\n<p>[\/et_pb_blurb][et_pb_blurb title=&#8221;Informazioni e comportamento d&apos;acquisto&#8221; image_icon_background_color=&#8221;RGBA(255,255,255,0)&#8221; image=&#8221;https:\/\/artlandconsulting.de\/wp-content\/uploads\/2024\/01\/Icons_Was_wir_machen-03.png&#8221; icon_placement=&#8221;top&#8221; image_icon_width=&#8221;200px&#8221; content_max_width=&#8221;75%&#8221; icon_placement_tablet=&#8221;left&#8221; icon_placement_phone=&#8221;top&#8221; icon_placement_last_edited=&#8221;on|tablet&#8221; content_max_width_tablet=&#8221;75%&#8221; content_max_width_phone=&#8221;100%&#8221; content_max_width_last_edited=&#8221;on|tablet&#8221; _builder_version=&#8221;4.23.4&#8243; _module_preset=&#8221;1c502ff4-d568-4aa4-86b3-b44c7372c794&#8243; header_font=&#8221;Noto Serif|700|||||||&#8221; header_text_align=&#8221;left&#8221; header_text_color=&#8221;gcid-e3ec2e40-b200-47eb-adc5-ef7fc1cf6f81&#8243; header_font_size=&#8221;28px&#8221; body_font=&#8221;Noto Sans|300|||||||&#8221; body_text_align=&#8221;left&#8221; body_text_color=&#8221;#000000&#8243; body_font_size=&#8221;19px&#8221; body_line_height=&#8221;30px&#8221; background_color=&#8221;RGBA(255,255,255,0)&#8221; custom_margin=&#8221;0px||75px||false|false&#8221; custom_margin_tablet=&#8221;40px||40px||false|false&#8221; custom_margin_phone=&#8221;0px||40px||false|false&#8221; custom_margin_last_edited=&#8221;on|tablet&#8221; custom_padding=&#8221;0px|0px|0px|0px|false|true&#8221; header_text_align_tablet=&#8221;left&#8221; header_text_align_phone=&#8221;center&#8221; header_text_align_last_edited=&#8221;on|phone&#8221; header_font_size_tablet=&#8221;24px&#8221; header_font_size_phone=&#8221;22px&#8221; body_text_align_tablet=&#8221;left&#8221; body_text_align_phone=&#8221;left&#8221; body_text_align_last_edited=&#8221;on|phone&#8221; body_font_size_tablet=&#8221;17px&#8221; body_font_size_phone=&#8221;16px&#8221; module_alignment_tablet=&#8221;&#8221; module_alignment_phone=&#8221;center&#8221; module_alignment_last_edited=&#8221;on|phone&#8221; global_colors_info=&#8221;{%22gcid-e3ec2e40-b200-47eb-adc5-ef7fc1cf6f81%22:%91%22header_text_color%22,%22header_text_color%22,%22header_text_color%22,%22header_text_color%22,%22header_text_color%22,%22header_text_color%22,%22header_text_color%22%93,%22gcid-7548ccd0-3a86-4c27-a211-9ba11bfdbe0a%22:%91%22background_color%22,%22background_color%22%93}&#8221;]<\/p>\n<p>Qual \u00e8 la strategia di marketing ottimale per far s\u00ec che i clienti acquistino effettivamente i nostri prodotti? Prodotti\/caratteristiche\/componenti, canali di vendita e comunicazione, prezzi e condizioni.<\/p>\n<p>[\/et_pb_blurb][et_pb_blurb title=&#8221;Analisi di mercato e fattori di successo&#8221; image_icon_background_color=&#8221;RGBA(255,255,255,0)&#8221; image=&#8221;https:\/\/artlandconsulting.de\/wp-content\/uploads\/2024\/01\/Icons_Was_wir_machen-06.png&#8221; icon_placement=&#8221;top&#8221; image_icon_width=&#8221;200px&#8221; content_max_width=&#8221;75%&#8221; icon_placement_tablet=&#8221;left&#8221; icon_placement_phone=&#8221;top&#8221; icon_placement_last_edited=&#8221;on|tablet&#8221; content_max_width_tablet=&#8221;75%&#8221; content_max_width_phone=&#8221;100%&#8221; content_max_width_last_edited=&#8221;on|tablet&#8221; _builder_version=&#8221;4.23.4&#8243; _module_preset=&#8221;1c502ff4-d568-4aa4-86b3-b44c7372c794&#8243; header_font=&#8221;Noto Serif|700|||||||&#8221; header_text_align=&#8221;left&#8221; header_text_color=&#8221;gcid-e3ec2e40-b200-47eb-adc5-ef7fc1cf6f81&#8243; header_font_size=&#8221;28px&#8221; body_font=&#8221;Noto Sans|300|||||||&#8221; body_text_align=&#8221;left&#8221; body_text_color=&#8221;#000000&#8243; body_font_size=&#8221;19px&#8221; body_line_height=&#8221;30px&#8221; background_color=&#8221;RGBA(255,255,255,0)&#8221; custom_margin=&#8221;0px||75px||false|false&#8221; custom_margin_tablet=&#8221;45px||10px||false|false&#8221; custom_margin_phone=&#8221;0px||40px||false|false&#8221; custom_margin_last_edited=&#8221;on|tablet&#8221; custom_padding=&#8221;0px|0px|0px|0px|false|true&#8221; header_text_align_tablet=&#8221;left&#8221; header_text_align_phone=&#8221;center&#8221; header_text_align_last_edited=&#8221;on|phone&#8221; header_font_size_tablet=&#8221;24px&#8221; header_font_size_phone=&#8221;22px&#8221; body_text_align_tablet=&#8221;left&#8221; body_text_align_phone=&#8221;left&#8221; body_text_align_last_edited=&#8221;on|phone&#8221; body_font_size_tablet=&#8221;17px&#8221; body_font_size_phone=&#8221;16px&#8221; module_alignment_tablet=&#8221;&#8221; module_alignment_phone=&#8221;center&#8221; module_alignment_last_edited=&#8221;on|phone&#8221; global_colors_info=&#8221;{%22gcid-e3ec2e40-b200-47eb-adc5-ef7fc1cf6f81%22:%91%22header_text_color%22,%22header_text_color%22,%22header_text_color%22,%22header_text_color%22,%22header_text_color%22,%22header_text_color%22,%22header_text_color%22%93,%22gcid-7548ccd0-3a86-4c27-a211-9ba11bfdbe0a%22:%91%22background_color%22,%22background_color%22%93}&#8221;]<\/p>\n<p>Dove si trovano le opportunit\u00e0 di mercato redditizie e quali sono i fattori e le caratteristiche decisive per il successo?<\/p>\n<p>[\/et_pb_blurb][\/et_pb_column][et_pb_column type=&#8221;1_2&#8243; _builder_version=&#8221;4.23.1&#8243; _module_preset=&#8221;default&#8221; global_colors_info=&#8221;{}&#8221;][et_pb_blurb title=&#8221;Strategie di brand&#8221; image_icon_background_color=&#8221;RGBA(255,255,255,0)&#8221; image=&#8221;https:\/\/artlandconsulting.de\/wp-content\/uploads\/2024\/01\/Icons_Was_wir_machen-02.png&#8221; icon_placement=&#8221;top&#8221; image_icon_width=&#8221;200px&#8221; content_max_width=&#8221;75%&#8221; icon_placement_tablet=&#8221;left&#8221; icon_placement_phone=&#8221;top&#8221; icon_placement_last_edited=&#8221;on|tablet&#8221; content_max_width_tablet=&#8221;&#8221; content_max_width_phone=&#8221;100%&#8221; content_max_width_last_edited=&#8221;on|tablet&#8221; _builder_version=&#8221;4.23.4&#8243; _module_preset=&#8221;1c502ff4-d568-4aa4-86b3-b44c7372c794&#8243; header_font=&#8221;Noto Serif|700|||||||&#8221; header_text_align=&#8221;left&#8221; header_text_color=&#8221;gcid-e3ec2e40-b200-47eb-adc5-ef7fc1cf6f81&#8243; header_font_size=&#8221;28px&#8221; body_font=&#8221;Noto Sans|300|||||||&#8221; body_text_align=&#8221;left&#8221; body_text_color=&#8221;#000000&#8243; body_font_size=&#8221;19px&#8221; body_line_height=&#8221;30px&#8221; background_color=&#8221;RGBA(255,255,255,0)&#8221; custom_margin=&#8221;45px||45px||false|false&#8221; custom_margin_tablet=&#8221;20px||45px||false|false&#8221; custom_margin_phone=&#8221;0px|0px|40px|0px|false|false&#8221; custom_margin_last_edited=&#8221;on|desktop&#8221; custom_padding=&#8221;241px|0px|30px|0px|false|true&#8221; custom_padding_tablet=&#8221;0px|0px|0px|0px|false|true&#8221; custom_padding_phone=&#8221;0px|0px|0px|0px|false|true&#8221; custom_padding_last_edited=&#8221;on|tablet&#8221; header_text_align_tablet=&#8221;left&#8221; header_text_align_phone=&#8221;center&#8221; header_text_align_last_edited=&#8221;on|phone&#8221; header_font_size_tablet=&#8221;24px&#8221; header_font_size_phone=&#8221;22px&#8221; body_text_align_tablet=&#8221;left&#8221; body_text_align_phone=&#8221;left&#8221; body_text_align_last_edited=&#8221;on|phone&#8221; body_font_size_tablet=&#8221;17px&#8221; body_font_size_phone=&#8221;16px&#8221; global_colors_info=&#8221;{%22gcid-e3ec2e40-b200-47eb-adc5-ef7fc1cf6f81%22:%91%22header_text_color%22,%22header_text_color%22,%22header_text_color%22,%22header_text_color%22,%22header_text_color%22,%22header_text_color%22,%22header_text_color%22%93,%22gcid-7548ccd0-3a86-4c27-a211-9ba11bfdbe0a%22:%91%22background_color%22,%22background_color%22%93}&#8221;]<\/p>\n<p>I brand forti fanno s\u00ec che i clienti siano pi\u00f9 disposti a pagare e ad acquistare. Come \u00e8 posizionato il vostro marchio? Quali opportunit\u00e0 offre e come dovrebbe essere ulteriormente sviluppato e gestito?<\/p>\n<p>[\/et_pb_blurb][et_pb_blurb title=&#8221;Change management e coaching&#8221; image_icon_background_color=&#8221;RGBA(255,255,255,0)&#8221; image=&#8221;https:\/\/artlandconsulting.de\/wp-content\/uploads\/2024\/01\/Icons_Was_wir_machen-04.png&#8221; icon_placement=&#8221;top&#8221; image_icon_width=&#8221;200px&#8221; content_max_width=&#8221;75%&#8221; icon_placement_tablet=&#8221;left&#8221; icon_placement_phone=&#8221;top&#8221; icon_placement_last_edited=&#8221;on|tablet&#8221; content_max_width_tablet=&#8221;&#8221; content_max_width_phone=&#8221;100%&#8221; content_max_width_last_edited=&#8221;on|tablet&#8221; _builder_version=&#8221;4.23.4&#8243; _module_preset=&#8221;1c502ff4-d568-4aa4-86b3-b44c7372c794&#8243; header_font=&#8221;Noto Serif|700|||||||&#8221; header_text_align=&#8221;left&#8221; header_text_color=&#8221;gcid-e3ec2e40-b200-47eb-adc5-ef7fc1cf6f81&#8243; header_font_size=&#8221;28px&#8221; body_font=&#8221;Noto Sans|300|||||||&#8221; body_text_align=&#8221;left&#8221; body_text_color=&#8221;#000000&#8243; body_font_size=&#8221;19px&#8221; body_line_height=&#8221;30px&#8221; background_color=&#8221;RGBA(255,255,255,0)&#8221; custom_margin=&#8221;0px||103px||false|false&#8221; custom_margin_tablet=&#8221;45px||75px||false|false&#8221; custom_margin_phone=&#8221;0px||40px||false|false&#8221; custom_margin_last_edited=&#8221;on|tablet&#8221; custom_padding=&#8221;0px|0px|0px|0px|false|true&#8221; header_text_align_tablet=&#8221;left&#8221; header_text_align_phone=&#8221;left&#8221; header_text_align_last_edited=&#8221;on|tablet&#8221; header_font_size_tablet=&#8221;24px&#8221; header_font_size_phone=&#8221;22px&#8221; body_text_align_tablet=&#8221;left&#8221; body_text_align_phone=&#8221;left&#8221; body_text_align_last_edited=&#8221;on|phone&#8221; body_font_size_tablet=&#8221;17px&#8221; body_font_size_phone=&#8221;16px&#8221; text_orientation_tablet=&#8221;&#8221; text_orientation_phone=&#8221;left&#8221; text_orientation_last_edited=&#8221;on|phone&#8221; locked=&#8221;off&#8221; global_colors_info=&#8221;{%22gcid-e3ec2e40-b200-47eb-adc5-ef7fc1cf6f81%22:%91%22header_text_color%22,%22header_text_color%22,%22header_text_color%22,%22header_text_color%22,%22header_text_color%22,%22header_text_color%22,%22header_text_color%22%93,%22gcid-7548ccd0-3a86-4c27-a211-9ba11bfdbe0a%22:%91%22background_color%22,%22background_color%22%93}&#8221;]<\/p>\n<p>Per noi esseri umani non c&#8217;\u00e8 niente di pi\u00f9 difficile che cambiare un comportamento radicato. Questo vale per i nuovi processi in azienda e per i cambiamenti organizzativi, cos\u00ec come per i cambiamenti nel comportamento di acquisto dei clienti. Anche per i manager pi\u00f9 esperti, questi processi all&#8217;interno della propria organizzazione rappresentano una sfida particolare, nella quale possiamo supportarvi con consulenti senior esperti, dal coaching alla gestione ad interim.<\/p>\n<p>[\/et_pb_blurb][et_pb_blurb title=&#8221;Soddisfazione e fedelt\u00e0 del cliente&#8221; image_icon_background_color=&#8221;RGBA(255,255,255,0)&#8221; image=&#8221;https:\/\/artlandconsulting.de\/wp-content\/uploads\/2024\/01\/Icons_Was_wir_machen-07.png&#8221; icon_placement=&#8221;top&#8221; image_icon_width=&#8221;200px&#8221; content_max_width=&#8221;75%&#8221; icon_placement_tablet=&#8221;left&#8221; icon_placement_phone=&#8221;top&#8221; icon_placement_last_edited=&#8221;on|tablet&#8221; content_max_width_tablet=&#8221;&#8221; content_max_width_phone=&#8221;100%&#8221; content_max_width_last_edited=&#8221;on|tablet&#8221; _builder_version=&#8221;4.23.4&#8243; _module_preset=&#8221;1c502ff4-d568-4aa4-86b3-b44c7372c794&#8243; header_font=&#8221;Noto Serif|700|||||||&#8221; header_text_align=&#8221;left&#8221; header_text_color=&#8221;gcid-e3ec2e40-b200-47eb-adc5-ef7fc1cf6f81&#8243; header_font_size=&#8221;28px&#8221; body_font=&#8221;Noto Sans|300|||||||&#8221; body_text_align=&#8221;left&#8221; body_text_color=&#8221;#000000&#8243; body_font_size=&#8221;19px&#8221; body_line_height=&#8221;30px&#8221; background_color=&#8221;RGBA(255,255,255,0)&#8221; custom_margin=&#8221;0px||75px||false|false&#8221; custom_margin_tablet=&#8221;45px||45px||false|false&#8221; custom_margin_phone=&#8221;0px||40px||false|false&#8221; custom_margin_last_edited=&#8221;on|tablet&#8221; custom_padding=&#8221;0px|0px|0px|0px|false|true&#8221; header_text_align_tablet=&#8221;left&#8221; header_text_align_phone=&#8221;center&#8221; header_text_align_last_edited=&#8221;on|phone&#8221; header_font_size_tablet=&#8221;24px&#8221; header_font_size_phone=&#8221;22px&#8221; body_text_align_tablet=&#8221;left&#8221; body_text_align_phone=&#8221;left&#8221; body_text_align_last_edited=&#8221;on|phone&#8221; body_font_size_tablet=&#8221;17px&#8221; body_font_size_phone=&#8221;16px&#8221; body_font_size_last_edited=&#8221;on|phone&#8221; locked=&#8221;off&#8221; global_colors_info=&#8221;{%22gcid-e3ec2e40-b200-47eb-adc5-ef7fc1cf6f81%22:%91%22header_text_color%22,%22header_text_color%22,%22header_text_color%22,%22header_text_color%22,%22header_text_color%22,%22header_text_color%22,%22header_text_color%22%93,%22gcid-7548ccd0-3a86-4c27-a211-9ba11bfdbe0a%22:%91%22background_color%22,%22background_color%22%93}&#8221;]<\/p>\n<p>L&#8217;informazione pi\u00f9 importante per l&#8217;imprenditore e lo strumento di allarme precoce. L&#8217;insoddisfazione si manifesta sempre per prima e solo dopo si verifica una perdita di vendite. Pertanto, ascoltate i vostri clienti regolarmente e per tempo. Da molti anni conduciamo analisi complete della soddisfazione dei clienti in un&#8217;ampia gamma di settori, in tutto il mondo e in molte lingue.<\/p>\n<p>[\/et_pb_blurb][\/et_pb_column][\/et_pb_row][\/et_pb_section]<\/p>\n","protected":false},"excerpt":{"rendered":"<p>&#8220;Tutti conoscono le dimensioni del campo: la chiave \u00e8 sapere come si deve giocare per vincere.&#8221;Siamo convinti che le aziende abbiano successo quando si orientano coerentemente alle esigenze e ai requisiti dei loro mercati e allineano di conseguenza le loro azioni fondamentali. I dati descrittivi del mercato, come le dimensioni e la quota di mercato, [&hellip;]<\/p>\n","protected":false},"author":1,"featured_media":0,"parent":0,"menu_order":0,"comment_status":"closed","ping_status":"closed","template":"","meta":{"_et_pb_use_builder":"on","_et_pb_old_content":"","_et_gb_content_width":"","footnotes":""},"class_list":["post-783","page","type-page","status-publish","hentry"],"_links":{"self":[{"href":"https:\/\/artlandconsulting.de\/it\/wp-json\/wp\/v2\/pages\/783","targetHints":{"allow":["GET"]}}],"collection":[{"href":"https:\/\/artlandconsulting.de\/it\/wp-json\/wp\/v2\/pages"}],"about":[{"href":"https:\/\/artlandconsulting.de\/it\/wp-json\/wp\/v2\/types\/page"}],"author":[{"embeddable":true,"href":"https:\/\/artlandconsulting.de\/it\/wp-json\/wp\/v2\/users\/1"}],"replies":[{"embeddable":true,"href":"https:\/\/artlandconsulting.de\/it\/wp-json\/wp\/v2\/comments?post=783"}],"version-history":[{"count":10,"href":"https:\/\/artlandconsulting.de\/it\/wp-json\/wp\/v2\/pages\/783\/revisions"}],"predecessor-version":[{"id":896,"href":"https:\/\/artlandconsulting.de\/it\/wp-json\/wp\/v2\/pages\/783\/revisions\/896"}],"wp:attachment":[{"href":"https:\/\/artlandconsulting.de\/it\/wp-json\/wp\/v2\/media?parent=783"}],"curies":[{"name":"wp","href":"https:\/\/api.w.org\/{rel}","templated":true}]}}